{"id":760,"date":"2026-03-25T02:53:45","date_gmt":"2026-03-25T08:53:45","guid":{"rendered":"https:\/\/jetourscaballosyyates.com\/?page_id=760"},"modified":"2026-03-25T23:41:21","modified_gmt":"2026-03-26T05:41:21","slug":"tours","status":"publish","type":"page","link":"https:\/\/jetourscaballosyyates.com\/?page_id=760","title":{"rendered":"Tours"},"content":{"rendered":"\n<div class=\"wp-block-stackable-columns alignfull stk-block-columns stk-block stk-7a2b114 stk-block-background\" data-block-id=\"7a2b114\"><style>.stk-7a2b114 {background-color:#098b98 !important;background-size:1000px !important;padding-top:120px !important;padding-bottom:120px !important;margin-bottom:0px !important;}.stk-7a2b114:before{background-color:#098b98 !important;}@media screen and (max-width:999px){.stk-7a2b114 {padding-top:80px !important;padding-bottom:80px !important;}}<\/style><div class=\"stk-row stk-inner-blocks has-text-align-center-mobile stk-block-content stk-content-align stk-7a2b114-column\">\n<div class=\"wp-block-stackable-column stk-block-column stk-column stk-block stk-3d9712f\" data-v=\"4\" data-block-id=\"3d9712f\"><style>.stk-3d9712f-container{margin-top:0px !important;margin-right:0px !important;margin-bottom:0px !important;margin-left:0px !important;}<\/style><div class=\"stk-column-wrapper stk-block-column__content stk-container stk-3d9712f-container stk--no-background stk--no-padding\"><div class=\"stk-block-content stk-inner-blocks stk-3d9712f-inner-blocks\">\n<div class=\"wp-block-stackable-columns stk-block-columns stk-block stk-c4c5927\" data-block-id=\"c4c5927\"><style>.stk-c4c5927 .stk--block-align-c4c5927{align-items:center !important;}.stk-c4c5927 {margin-bottom:0px !important;}.stk-c4c5927-column{--stk-column-gap:35px !important;row-gap:60px !important;}<\/style><div class=\"stk-row stk-inner-blocks stk--block-align-c4c5927 stk-block-content stk-content-align stk-c4c5927-column\">\n<div class=\"wp-block-stackable-column stk-block-column stk-column stk-block stk-adc88c6\" data-v=\"4\" data-block-id=\"adc88c6\"><style>.stk-adc88c6-container{margin-top:0px !important;margin-right:0px !important;margin-bottom:0px !important;margin-left:0px !important;}.stk-adc88c6 {padding-right:30px !important;padding-left:30px !important;}@media screen and (min-width:690px) and (max-width:999px){.stk-adc88c6 {flex:var(--stk-flex-grow, 1) 1 calc(100% - var(--stk-column-gap, 0px) * 0 \/ 1 ) !important;}}@media screen and (max-width:999px){.stk-adc88c6 {padding-top:0px !important;padding-right:0px !important;padding-bottom:0px !important;padding-left:0px !important;}}<\/style><div class=\"stk-column-wrapper stk-block-column__content stk-container stk-adc88c6-container stk--no-background stk--no-padding\"><div class=\"has-text-align-center-mobile stk-block-content stk-inner-blocks stk-adc88c6-inner-blocks\">\n<div class=\"wp-block-stackable-heading stk-block-heading stk-block-heading--v2 stk-block stk-474cdea\" id=\"tour-privado-en-yate-por-las-bahias-de-huatulco\" data-block-id=\"474cdea\"><style>.stk-474cdea {margin-bottom:30px !important;}.stk-474cdea .stk-block-heading__text{line-height:1.2em !important;}<\/style><h2 class=\"stk-block-heading__text stk-block-heading--use-theme-margins\">Tour Privado en Yate por las Bah\u00edas de Huatulco<\/h2><\/div>\n\n\n\n<div class=\"wp-block-stackable-text stk-block-text stk-block stk-d126f71\" data-block-id=\"d126f71\"><p class=\"stk-block-text__text\">Vive un exclusivo Tour Privado en Yate por las Bah\u00edas de Huatulco. Disfruta playas incre\u00edbles, aguas cristalinas y la comodidad de una experiencia totalmente privada<\/p><\/div>\n\n\n\n<div class=\"wp-block-stackable-columns stk-block-columns stk-block stk-0a109fa\" data-block-id=\"0a109fa\"><style>.stk-0a109fa .stk--block-align-0a109fa{align-items:center !important;}.stk-0a109fa-column{--stk-column-gap:20px !important;row-gap:20px !important;}<\/style><div class=\"stk-row stk-inner-blocks stk--block-align-0a109fa stk-block-content stk-content-align stk-0a109fa-column\">\n<div class=\"wp-block-stackable-column stk-block-column stk-column stk-block stk-76c0294\" data-v=\"4\" data-block-id=\"76c0294\"><style>.stk-76c0294-container{margin-top:0px !important;margin-right:0px !important;margin-bottom:0px !important;margin-left:0px !important;}<\/style><div class=\"stk-column-wrapper stk-block-column__content stk-container stk-76c0294-container stk--no-background stk--no-padding\"><div class=\"stk-block-content stk-inner-blocks stk-76c0294-inner-blocks\">\n<div class=\"wp-block-stackable-button-group stk-block-button-group stk-block stk-83fb360\" data-block-id=\"83fb360\"><div class=\"stk-row stk-inner-blocks stk-block-content stk-button-group\">\n<div class=\"wp-block-stackable-button stk-block-button stk-block stk-b48c7c3\" data-block-id=\"b48c7c3\"><a class=\"stk-link stk-button stk--hover-effect-darken\" href=\"https:\/\/jetourscaballosyyates.com\/?page_id=769\"><span class=\"stk-button__inner-text\">Ver mas&#8230;<\/span><\/a><\/div>\n<\/div><\/div>\n<\/div><\/div><\/div>\n<\/div><\/div>\n<\/div><\/div><\/div>\n\n\n\n<div class=\"wp-block-stackable-column stk-block-column stk-column stk-block stk-aaf56fc\" data-v=\"4\" data-block-id=\"aaf56fc\"><style>.stk-aaf56fc-container{margin-top:0px !important;margin-right:0px !important;margin-bottom:0px !important;margin-left:0px !important;}@media screen and (min-width:690px) and (max-width:999px){.stk-aaf56fc {flex:var(--stk-flex-grow, 1) 1 calc(100% - var(--stk-column-gap, 0px) * 0 \/ 1 ) !important;}}<\/style><div class=\"stk-column-wrapper stk-block-column__content stk-container stk-aaf56fc-container stk--no-background stk--no-padding\"><div class=\"stk-block-content stk-inner-blocks stk-aaf56fc-inner-blocks\">\n<figure class=\"wp-block-video\"><video height=\"720\" style=\"aspect-ratio: 1280 \/ 720;\" width=\"1280\" autoplay controls loop muted src=\"https:\/\/jetourscaballosyyates.com\/wp-content\/uploads\/2026\/03\/AQNaTtyQc05jehmGMRqWqwzyfTZqCI1RCv93qG66OQwwDvTXYZH-mG7ZHCNhH2EypBiviX_irWIxxhxztL9wNYXBRMCyfWb2rvxgoeAdSAaS3A.mp4\" playsinline><\/video><\/figure>\n<\/div><\/div><\/div>\n<\/div><\/div>\n<\/div><\/div><\/div>\n<\/div><\/div>\n\n\n\n<div class=\"wp-block-stackable-spacer stk-block-spacer stk--no-padding stk-block stk-a725bef\" data-block-id=\"a725bef\"><style>.stk-a725bef {height:50px !important;}@media screen and (max-width:999px){.stk-a725bef {height:70px !important;}}<\/style><\/div>\n\n\n\n<div class=\"wp-block-stackable-spacer stk-block-spacer stk--no-padding stk-block stk-f44bd57\" data-block-id=\"f44bd57\"><style>.stk-f44bd57 {height:50px !important;}@media screen and (max-width:999px){.stk-f44bd57 {height:70px !important;}}<\/style><\/div>\n\n\n\n<div class=\"wp-block-stackable-columns alignfull stk-block-columns stk-block stk-c88c250 stk-block-background\" data-block-id=\"c88c250\"><style>.stk-c88c250 {background-color:#cc9933 !important;background-size:1000px !important;padding-top:120px !important;padding-bottom:120px !important;margin-bottom:0px !important;}.stk-c88c250:before{background-color:#cc9933 !important;}@media screen and (max-width:999px){.stk-c88c250 {padding-top:80px !important;padding-bottom:80px !important;}}<\/style><div class=\"stk-row stk-inner-blocks has-text-align-center-mobile stk-block-content stk-content-align stk-c88c250-column\">\n<div class=\"wp-block-stackable-column stk-block-column stk-column stk-block stk-8170b03\" data-v=\"4\" data-block-id=\"8170b03\"><style>.stk-8170b03-container{margin-top:0px !important;margin-right:0px !important;margin-bottom:0px !important;margin-left:0px !important;}<\/style><div class=\"stk-column-wrapper stk-block-column__content stk-container stk-8170b03-container stk--no-background stk--no-padding\"><div class=\"stk-block-content stk-inner-blocks stk-8170b03-inner-blocks\">\n<div class=\"wp-block-stackable-columns stk-block-columns stk-block stk-ca39555\" data-block-id=\"ca39555\"><style>.stk-ca39555 .stk--block-align-ca39555{align-items:center !important;}.stk-ca39555 {margin-bottom:0px !important;}.stk-ca39555-column{--stk-column-gap:35px !important;row-gap:60px !important;}<\/style><div class=\"stk-row stk-inner-blocks stk--block-align-ca39555 stk-block-content stk-content-align stk-ca39555-column\">\n<div class=\"wp-block-stackable-column stk-block-column stk-column stk-block stk-dd4d8c2\" data-v=\"4\" data-block-id=\"dd4d8c2\"><style>.stk-dd4d8c2-container{margin-top:0px !important;margin-right:0px !important;margin-bottom:0px !important;margin-left:0px !important;}.stk-dd4d8c2 {padding-right:30px !important;padding-left:30px !important;}@media screen and (min-width:690px) and (max-width:999px){.stk-dd4d8c2 {flex:var(--stk-flex-grow, 1) 1 calc(100% - var(--stk-column-gap, 0px) * 0 \/ 1 ) !important;}}@media screen and (max-width:999px){.stk-dd4d8c2 {padding-top:0px !important;padding-right:0px !important;padding-bottom:0px !important;padding-left:0px !important;}}<\/style><div class=\"stk-column-wrapper stk-block-column__content stk-container stk-dd4d8c2-container stk--no-background stk--no-padding\"><div class=\"has-text-align-center-mobile stk-block-content stk-inner-blocks stk-dd4d8c2-inner-blocks\">\n<div class=\"wp-block-stackable-heading stk-block-heading stk-block-heading--v2 stk-block stk-df68726\" id=\"tour-en-cuatrimotos-en-huatulco-aventura-todo-terreno-que-no-te-puedes-perder\" data-block-id=\"df68726\"><style>.stk-df68726 {margin-bottom:30px !important;}.stk-df68726 .stk-block-heading__text{line-height:1.2em !important;}<\/style><h2 class=\"stk-block-heading__text stk-block-heading--use-theme-margins\">Tour en Cuatrimotos en Huatulco: Aventura Todo Terreno que No Te Puedes Perder<\/h2><\/div>\n\n\n\n<div class=\"wp-block-stackable-text stk-block-text stk-block stk-5bc3bea\" data-block-id=\"5bc3bea\"><p class=\"stk-block-text__text\">Explora Huatulco de una forma diferente con nuestro tour en cuatrimotos. Recorre senderos, disfruta paisajes incre\u00edbles y vive una experiencia llena de adrenalina y diversi\u00f3n. Ideal para quienes buscan aventura en la naturaleza.<\/p><\/div>\n\n\n\n<div class=\"wp-block-stackable-columns stk-block-columns stk-block stk-c30f13f\" data-block-id=\"c30f13f\"><style>.stk-c30f13f .stk--block-align-c30f13f{align-items:center !important;}.stk-c30f13f-column{--stk-column-gap:20px !important;row-gap:20px !important;}<\/style><div class=\"stk-row stk-inner-blocks stk--block-align-c30f13f stk-block-content stk-content-align stk-c30f13f-column\">\n<div class=\"wp-block-stackable-column stk-block-column stk-column stk-block stk-ba8a9ee\" data-v=\"4\" data-block-id=\"ba8a9ee\"><style>.stk-ba8a9ee-container{margin-top:0px !important;margin-right:0px !important;margin-bottom:0px !important;margin-left:0px !important;}<\/style><div class=\"stk-column-wrapper stk-block-column__content stk-container stk-ba8a9ee-container stk--no-background stk--no-padding\"><div class=\"stk-block-content stk-inner-blocks stk-ba8a9ee-inner-blocks\">\n<div class=\"wp-block-stackable-button-group stk-block-button-group stk-block stk-97f4e8d\" data-block-id=\"97f4e8d\"><div class=\"stk-row stk-inner-blocks stk-block-content stk-button-group\">\n<div class=\"wp-block-stackable-button stk-block-button stk-block stk-8a8ecbd\" data-block-id=\"8a8ecbd\"><a class=\"stk-link stk-button stk--hover-effect-darken\" href=\"https:\/\/jetourscaballosyyates.com\/?page_id=771\"><span class=\"stk-button__inner-text\">Ver mas&#8230;<\/span><\/a><\/div>\n<\/div><\/div>\n<\/div><\/div><\/div>\n<\/div><\/div>\n<\/div><\/div><\/div>\n\n\n\n<div class=\"wp-block-stackable-column stk-block-column stk-column stk-block stk-851ec4e\" data-v=\"4\" data-block-id=\"851ec4e\"><style>.stk-851ec4e-container{margin-top:0px !important;margin-right:0px !important;margin-bottom:0px !important;margin-left:0px !important;}@media screen and (min-width:690px) and (max-width:999px){.stk-851ec4e {flex:var(--stk-flex-grow, 1) 1 calc(100% - var(--stk-column-gap, 0px) * 0 \/ 1 ) !important;}}<\/style><div class=\"stk-column-wrapper stk-block-column__content stk-container stk-851ec4e-container stk--no-background stk--no-padding\"><div class=\"stk-block-content stk-inner-blocks stk-851ec4e-inner-blocks\">\n<figure class=\"wp-block-video\"><video height=\"1080\" style=\"aspect-ratio: 1920 \/ 1080;\" width=\"1920\" autoplay controls loop muted src=\"https:\/\/jetourscaballosyyates.com\/wp-content\/uploads\/2026\/03\/0303-12.mp4\" playsinline><\/video><\/figure>\n<\/div><\/div><\/div>\n<\/div><\/div>\n<\/div><\/div><\/div>\n<\/div><\/div>\n\n\n\n<div class=\"wp-block-stackable-spacer stk-block-spacer stk--no-padding stk-block stk-ef67eca\" data-block-id=\"ef67eca\"><style>.stk-ef67eca {height:74px !important;}@media screen and (max-width:999px){.stk-ef67eca {height:80px !important;}}<\/style><\/div>\n\n\n\n<div class=\"wp-block-stackable-columns alignfull stk-block-columns stk-block stk-574a19a stk-block-background\" data-block-id=\"574a19a\"><style>.stk-574a19a {background-color:#8c6317 !important;background-size:1000px !important;padding-top:120px !important;padding-bottom:120px !important;margin-bottom:0px !important;}.stk-574a19a:before{background-color:#8c6317 !important;}@media screen and (max-width:999px){.stk-574a19a {padding-top:80px !important;padding-bottom:80px !important;}}<\/style><div class=\"stk-row stk-inner-blocks has-text-align-center-mobile stk-block-content stk-content-align stk-574a19a-column\">\n<div class=\"wp-block-stackable-column stk-block-column stk-column stk-block stk-7325f79\" data-v=\"4\" data-block-id=\"7325f79\"><style>.stk-7325f79-container{margin-top:0px !important;margin-right:0px !important;margin-bottom:0px !important;margin-left:0px !important;}<\/style><div class=\"stk-column-wrapper stk-block-column__content stk-container stk-7325f79-container stk--no-background stk--no-padding\"><div class=\"stk-block-content stk-inner-blocks stk-7325f79-inner-blocks\">\n<div class=\"wp-block-stackable-columns stk-block-columns stk-block stk-5077af3\" data-block-id=\"5077af3\"><style>.stk-5077af3 .stk--block-align-5077af3{align-items:center !important;}.stk-5077af3 {margin-bottom:0px !important;}.stk-5077af3-column{--stk-column-gap:35px !important;row-gap:60px !important;}<\/style><div class=\"stk-row stk-inner-blocks stk--block-align-5077af3 stk-block-content stk-content-align stk-5077af3-column\">\n<div class=\"wp-block-stackable-column stk-block-column stk-column stk-block stk-7f78db1\" data-v=\"4\" data-block-id=\"7f78db1\"><style>.stk-7f78db1-container{margin-top:0px !important;margin-right:0px !important;margin-bottom:0px !important;margin-left:0px !important;}.stk-7f78db1 {padding-right:30px !important;padding-left:30px !important;}@media screen and (min-width:690px) and (max-width:999px){.stk-7f78db1 {flex:var(--stk-flex-grow, 1) 1 calc(100% - var(--stk-column-gap, 0px) * 0 \/ 1 ) !important;}}@media screen and (max-width:999px){.stk-7f78db1 {padding-top:0px !important;padding-right:0px !important;padding-bottom:0px !important;padding-left:0px !important;}}<\/style><div class=\"stk-column-wrapper stk-block-column__content stk-container stk-7f78db1-container stk--no-background stk--no-padding\"><div class=\"has-text-align-center-mobile stk-block-content stk-inner-blocks stk-7f78db1-inner-blocks\">\n<div class=\"wp-block-stackable-heading stk-block-heading stk-block-heading--v2 stk-block stk-a27a947\" id=\"tour-a-caballo-en-la-playa-vive-huatulco-al-ritmo-de-las-olas\" data-block-id=\"a27a947\"><style>.stk-a27a947 {margin-bottom:30px !important;}.stk-a27a947 .stk-block-heading__text{line-height:1.2em !important;}<\/style><h2 class=\"stk-block-heading__text stk-block-heading--use-theme-margins\">Tour a Caballo en la Playa: Vive Huatulco al Ritmo de las Olas<\/h2><\/div>\n\n\n\n<div class=\"wp-block-stackable-text stk-block-text stk-block stk-89fca74\" data-block-id=\"89fca74\"><p class=\"stk-block-text__text\">Disfruta un paseo a caballo por la playa en Huatulco y conecta con la naturaleza mientras recorres la arena al ritmo de las olas. Una experiencia tranquila, rom\u00e1ntica y perfecta para admirar paisajes inolvidables.<\/p><\/div>\n\n\n\n<div class=\"wp-block-stackable-columns stk-block-columns stk-block stk-34d96af\" data-block-id=\"34d96af\"><style>.stk-34d96af .stk--block-align-34d96af{align-items:center !important;}.stk-34d96af-column{--stk-column-gap:20px !important;row-gap:20px !important;}<\/style><div class=\"stk-row stk-inner-blocks stk--block-align-34d96af stk-block-content stk-content-align stk-34d96af-column\">\n<div class=\"wp-block-stackable-column stk-block-column stk-column stk-block stk-15883f3\" data-v=\"4\" data-block-id=\"15883f3\"><style>.stk-15883f3-container{margin-top:0px !important;margin-right:0px !important;margin-bottom:0px !important;margin-left:0px !important;}<\/style><div class=\"stk-column-wrapper stk-block-column__content stk-container stk-15883f3-container stk--no-background stk--no-padding\"><div class=\"stk-block-content stk-inner-blocks stk-15883f3-inner-blocks\">\n<div class=\"wp-block-stackable-button-group stk-block-button-group stk-block stk-28ecee9\" data-block-id=\"28ecee9\"><div class=\"stk-row stk-inner-blocks stk-block-content stk-button-group\">\n<div class=\"wp-block-stackable-button stk-block-button stk-block stk-3d5ba48\" data-block-id=\"3d5ba48\"><a class=\"stk-link stk-button stk--hover-effect-darken\" href=\"https:\/\/jetourscaballosyyates.com\/?page_id=773\"><span class=\"stk-button__inner-text\">Ver mas&#8230;<\/span><\/a><\/div>\n<\/div><\/div>\n<\/div><\/div><\/div>\n<\/div><\/div>\n<\/div><\/div><\/div>\n\n\n\n<div class=\"wp-block-stackable-column stk-block-column stk-column stk-block stk-d5d152a\" data-v=\"4\" data-block-id=\"d5d152a\"><style>.stk-d5d152a-container{margin-top:0px !important;margin-right:0px !important;margin-bottom:0px !important;margin-left:0px !important;}@media screen and (min-width:690px) and (max-width:999px){.stk-d5d152a {flex:var(--stk-flex-grow, 1) 1 calc(100% - var(--stk-column-gap, 0px) * 0 \/ 1 ) !important;}}<\/style><div class=\"stk-column-wrapper stk-block-column__content stk-container stk-d5d152a-container stk--no-background stk--no-padding\"><div class=\"stk-block-content stk-inner-blocks stk-d5d152a-inner-blocks\">\n<figure class=\"wp-block-video\"><video height=\"1080\" style=\"aspect-ratio: 1920 \/ 1080;\" width=\"1920\" autoplay controls loop muted src=\"https:\/\/jetourscaballosyyates.com\/wp-content\/uploads\/2026\/03\/0303-1.mp4\" playsinline><\/video><\/figure>\n<\/div><\/div><\/div>\n<\/div><\/div>\n<\/div><\/div><\/div>\n<\/div><\/div>\n\n\n\n<div class=\"wp-block-stackable-spacer stk-block-spacer stk--no-padding stk-block stk-fbe80b5\" data-block-id=\"fbe80b5\"><style>.stk-fbe80b5 {height:63px !important;}@media screen and (max-width:999px){.stk-fbe80b5 {height:80px !important;}}<\/style><\/div>\n\n\n\n<p><\/p>\n","protected":false},"excerpt":{"rendered":"<p>Tour Privado en Yate por las Bah\u00edas de Huatulco Vive un exclusivo Tour Privado en Yate por las Bah\u00edas de Huatulco. Disfruta playas incre\u00edbles, aguas cristalinas y la comodidad de una experiencia totalmente privada Ver mas&#8230; Tour en Cuatrimotos en Huatulco: Aventura Todo Terreno que No Te Puedes Perder Explora Huatulco de una forma diferente [&hellip;]<\/p>\n","protected":false},"author":1,"featured_media":0,"parent":0,"menu_order":2,"comment_status":"closed","ping_status":"closed","template":"","meta":{"footnotes":""},"class_list":["post-760","page","type-page","status-publish","hentry"],"blocksy_meta":{"page_title_panel":"","has_hero_section":"disabled","94d8266d861ee2b6716f6fd6d3d1a6be":"","hero_section":"type-1","hero_elements":[{"id":"custom_title","enabled":true,"heading_tag":"h1","title":"Home"},{"id":"custom_description","enabled":true,"description_visibility":{"desktop":true,"tablet":true,"mobile":false}},{"id":"custom_meta","enabled":false,"meta_elements":[{"id":"author","enabled":true,"label":"By","has_author_avatar":"yes","avatar_size":25},{"id":"post_date","enabled":true,"label":"On","date_format_source":"default","date_format":"M j, Y"},{"id":"updated_date","enabled":false,"label":"On","date_format_source":"default","date_format":"M j, Y"},{"id":"categories","enabled":false,"label":"In","style":"simple"},{"id":"comments","enabled":true}],"page_meta_elements":{"joined":true,"articles_count":true,"comments":true}},{"id":"breadcrumbs","enabled":false}],"f41aead3c6029a63e8b257ac6a2ca3e7":"","hero_alignment1":"CT_CSS_SKIP_RULE","hero_margin":40,"hero_alignment2":"center","hero_vertical_alignment":"center","958dd5eda46e66e7c247ff10323fe14a":"","hero_structure":"narrow","e76ba1b6387eed561df1f2c7aebbb52f":"","page_title_bg_type":"featured_image","custom_hero_background":{"attachment_id":null},"parallax":{"desktop":false,"tablet":false,"mobile":false},"69745599bfaa2aa0fb056d487524d265":"","hero_height":"250px","pageTitleFont":{"family":"Default","variation":"Default","size":"30px","line-height":"CT_CSS_SKIP_RULE","letter-spacing":"CT_CSS_SKIP_RULE","text-transform":"CT_CSS_SKIP_RULE","text-decoration":"CT_CSS_SKIP_RULE"},"pageTitleFontColor":{"default":{"color":"CT_CSS_SKIP_RULEDEFAULT"}},"pageMetaFont":{"family":"Default","variation":"n6","size":"12px","line-height":"1.3","letter-spacing":"CT_CSS_SKIP_RULE","text-transform":"uppercase","text-decoration":"CT_CSS_SKIP_RULE"},"pageMetaFontColor":{"default":{"color":"CT_CSS_SKIP_RULEDEFAULT"},"hover":{"color":"CT_CSS_SKIP_RULEDEFAULT"}},"page_meta_button_type_font_colors":{"default":{"color":"CT_CSS_SKIP_RULEDEFAULT"},"hover":{"color":"CT_CSS_SKIP_RULEDEFAULT"}},"page_meta_button_type_background_colors":{"default":{"color":"CT_CSS_SKIP_RULEDEFAULT"},"hover":{"color":"CT_CSS_SKIP_RULEDEFAULT"}},"pageExcerptFont":{"family":"Default","variation":"Default","size":"CT_CSS_SKIP_RULE","line-height":"CT_CSS_SKIP_RULE","letter-spacing":"CT_CSS_SKIP_RULE","text-transform":"CT_CSS_SKIP_RULE","text-decoration":"CT_CSS_SKIP_RULE"},"pageExcerptColor":{"default":{"color":"CT_CSS_SKIP_RULEDEFAULT"}},"breadcrumbsFont":{"family":"Default","variation":"Default","size":"CT_CSS_SKIP_RULE","line-height":"CT_CSS_SKIP_RULE","letter-spacing":"CT_CSS_SKIP_RULE","text-transform":"CT_CSS_SKIP_RULE","text-decoration":"CT_CSS_SKIP_RULE"},"breadcrumbsFontColor":{"default":{"color":"CT_CSS_SKIP_RULEDEFAULT"},"initial":{"color":"CT_CSS_SKIP_RULEDEFAULT"},"hover":{"color":"CT_CSS_SKIP_RULEDEFAULT"}},"pageTitleOverlay":{"background_type":"color","background_pattern":"type-1","background_image":{"attachment_id":null,"x":0,"y":0},"gradient":"linear-gradient(135deg,rgba(6,147,227,1) 0%,rgb(155,81,224) 100%)","background_repeat":"repeat","background_size":"auto","background_attachment":"scroll","patternColor":{"default":{"color":"#e5e7ea"}},"overlayColor":{"default":{"color":"CT_CSS_SKIP_RULE"}},"backgroundColor":{"default":{"color":"CT_CSS_SKIP_RULE"}}},"pageTitleBackground":{"background_type":"color","background_pattern":"type-1","background_image":{"attachment_id":null,"x":0,"y":0},"gradient":"linear-gradient(135deg,rgba(6,147,227,1) 0%,rgb(155,81,224) 100%)","background_repeat":"repeat","background_size":"auto","background_attachment":"scroll","patternColor":{"default":{"color":"#e5e7ea"}},"overlayColor":{"default":{"color":"CT_CSS_SKIP_RULE"}},"backgroundColor":{"default":{"color":"var(--theme-palette-color-6)"}}},"pageTitlePadding":{"top":"50px","bottom":"50px","left":"auto","right":"auto","linked":true},"1d93e8be71fc37159bd056a6b4eb4d5f":"","page_structure_type":"default","4cb75e1abd4c273f3e6ebcb528cec230":"","content_style_source":"inherit","content_style":"wide","vertical_spacing_source":"custom","content_area_spacing":"none","background":{"background_type":"color","background_pattern":"type-1","background_image":{"attachment_id":null,"x":0,"y":0},"gradient":"linear-gradient(135deg,rgba(6,147,227,1) 0%,rgb(155,81,224) 100%)","background_repeat":"repeat","background_size":"auto","background_attachment":"scroll","patternColor":{"default":{"color":"#e5e7ea"}},"overlayColor":{"default":{"color":"CT_CSS_SKIP_RULE"}},"backgroundColor":{"default":{"color":"CT_CSS_SKIP_RULE"}}},"content_background":{"background_type":"color","background_pattern":"type-1","background_image":{"attachment_id":null,"x":0,"y":0},"gradient":"linear-gradient(135deg,rgba(6,147,227,1) 0%,rgb(155,81,224) 100%)","background_repeat":"repeat","background_size":"auto","background_attachment":"scroll","patternColor":{"default":{"color":"#e5e7ea"}},"overlayColor":{"default":{"color":"CT_CSS_SKIP_RULE"}},"backgroundColor":{"default":{"color":"var(--theme-palette-color-8)"}}},"content_boxed_shadow":{"inherit":false,"blur":18,"spread":-6,"v_offset":12,"h_offset":0,"inset":false,"enable":true,"color":{"color":"rgba(34, 56, 101, 0.04)"}},"boxed_content_spacing":{"desktop":{"top":"40px","bottom":"40px","left":"40px","right":"40px","linked":true},"tablet":{"top":"35px","bottom":"35px","left":"35px","right":"35px","linked":true},"mobile":{"top":"20px","bottom":"20px","left":"20px","right":"20px","linked":true}},"content_boxed_radius":{"top":"3px","bottom":"3px","left":"3px","right":"3px","linked":true},"ce8d94c2c91a29d6c4a43d5fbe270ee8":"","disable_featured_image":"no","disable_share_box":"no","disable_header":"no","disable_footer":"no","styles_descriptor":{"styles":{"desktop":"","tablet":"","mobile":""},"google_fonts":[],"version":6}},"_links":{"self":[{"href":"https:\/\/jetourscaballosyyates.com\/index.php?rest_route=\/wp\/v2\/pages\/760","targetHints":{"allow":["GET"]}}],"collection":[{"href":"https:\/\/jetourscaballosyyates.com\/index.php?rest_route=\/wp\/v2\/pages"}],"about":[{"href":"https:\/\/jetourscaballosyyates.com\/index.php?rest_route=\/wp\/v2\/types\/page"}],"author":[{"embeddable":true,"href":"https:\/\/jetourscaballosyyates.com\/index.php?rest_route=\/wp\/v2\/users\/1"}],"replies":[{"embeddable":true,"href":"https:\/\/jetourscaballosyyates.com\/index.php?rest_route=%2Fwp%2Fv2%2Fcomments&post=760"}],"version-history":[{"count":7,"href":"https:\/\/jetourscaballosyyates.com\/index.php?rest_route=\/wp\/v2\/pages\/760\/revisions"}],"predecessor-version":[{"id":810,"href":"https:\/\/jetourscaballosyyates.com\/index.php?rest_route=\/wp\/v2\/pages\/760\/revisions\/810"}],"wp:attachment":[{"href":"https:\/\/jetourscaballosyyates.com\/index.php?rest_route=%2Fwp%2Fv2%2Fmedia&parent=760"}],"curies":[{"name":"wp","href":"https:\/\/api.w.org\/{rel}","templated":true}]}}